{"id":10710,"date":"2022-04-18T20:29:38","date_gmt":"2022-04-18T20:29:38","guid":{"rendered":"https:\/\/assistenza-elettrodom.it\/riparazioni-modena\/?page_id=10710"},"modified":"2023-02-10T14:35:41","modified_gmt":"2023-02-10T14:35:41","slug":"informativa-privacy","status":"publish","type":"page","link":"https:\/\/assistenza-elettrodom.it\/riparazioni-modena\/informativa-privacy\/","title":{"rendered":"Informativa Privacy"},"content":{"rendered":"<div class=\"cli_pg_page_contaner\">\n<section data-id=\"2cf66d8\" data-element_type=\"section\">\n<div>\n<div>\n<div data-id=\"f502480\" data-element_type=\"column\">\n<div>\n<div>\n<div data-id=\"8425b0d\" data-element_type=\"widget\" data-settings=\"{\" data-widget_type=\"heading.default\">\n<div>\n<h2>Informativa Privacy<\/h2>\n<\/div>\n<\/div>\n<\/div>\n<\/div>\n<\/div>\n<\/div>\n<\/div>\n<\/section>\n<section data-id=\"c8f0f44\" data-element_type=\"section\">\n<div data-id=\"a55b842\" data-element_type=\"column\">\n<div data-id=\"1a188ca\" data-element_type=\"widget\" data-widget_type=\"text-editor.default\">\n<p>La presente Informativa sulla privacy ha lo scopo di descrivere le modalit\u00e0 di gestione di questo sito internet con riferimento al trattamento dei dati personali dei clienti\/utenti\/visitatori che vi accedono. Regolamento 2016\/679\/UE.<\/p>\n<p><b><\/b><b>Titolare del trattamento<\/b><\/p>\n<p>ElettroDom Service Sas di Grecu Constantin &amp; C &#8211; Via Bazzanese, 55\/3 &#8211; 40033 Casalecchio di Reno (BO) &#8211; P.Iva e Cod. Fisc.: 03909801205 &#8211; tel: <span style=\"color: #000000;\"><strong><a style=\"color: #000000;\" href=\"tel:0595964501\">051-0216689<\/a><\/strong><\/span> &#8211; mail: <strong><span style=\"color: #000000;\"><a style=\"color: #000000;\" href=\"mailto:elettrodomservicesas@gmail.com\">elettrodomservicesas@gmail.com<\/a><\/span><\/strong><\/p>\n<p>Maggiori informazioni sui Suoi diritti sono disponibili nel paragrafo denominato \u201cQuali diritti vengono riconosciuti\u201d riportato nel seguito.<\/p>\n<p><b><\/b><b>Finalit\u00e0 e Modalit\u00e0 del trattamento<br \/>\n<\/b>Il trattamento dei dati, previo Suo consenso, sar\u00e0 finalizzato solamente per scopi per i quali sono stati raccolti secondo principi di correttezza, liceit\u00e0, trasparenza nel rispetto delle finalit\u00e0 di seguito indicate, consentendo l\u2019accesso solo al personale autorizzato e formato, al fine di garantire la necessaria riservatezza delle informazioni fornite. Riferimento al Regolamento 2016\/679\/UE Art. 6 Par. 1 lett. (a).<\/p>\n<ul>\n<li><b>Richieste commerciali<\/b><br \/>\nComportano l\u2019acquisizione da parte nostra del suo indirizzo e-mail e\/o di altri eventuali dati personali che verranno trattati esclusivamente per rispondere alla richiesta, ovvero per la fornitura del servizio, e non verranno ceduti a terzi.<\/li>\n<li><b>Registrazione\/autenticazione<\/b><\/li>\n<li>Comporta l\u2019acquisizione del suo indirizzo e-mail che sar\u00e0 utilizzato per fornire un\u2019esperienza di navigazione personalizzata, e non verranno ceduti a terzi.<\/li>\n<li><b>Dati di navigazione \u2013 Log web server<br \/>\n<\/b>I sistemi informatici e le procedure software preposte al funzionamento di questo sito web acquisiscono, nel corso del loro normale esercizio, alcuni dati personali la cui trasmissione \u00e8 implicita nell\u2019uso dei protocolli di comunicazione di Internet. Ogni volta che un utente accede a questo sito e ogni volta che richiama un contenuto, i dati d\u2019accesso vengono memorizzati da noi, ed eventualmente anche dal responsabile del trattamento e dagli incaricati del trattamento, sotto forma di file di protocollo. Ogni file di protocollo \u00e8 costituito da: \u2013 Il Sito Internet da cui \u00e8 stata richiamata la nostra pagina; \u2013 Il Suo indirizzo IP; \u2013 La data e l\u2019ora di accesso; \u2013 La richiesta del cliente; \u2013 Il codice di risposta http; \u2013 La quantit\u00e0 di dati trasmessa; \u2013 Il browser ed il sistema operativo utilizzati. Si tratta di informazioni che non sono raccolte per essere associate a interessati identificati, ma unicamente per fini tecnici e statistici sull\u2019uso del sito e per controllarne il corretto funzionamento. I dati sopra citati potrebbero essere utilizzati per l\u2019accertamento di responsabilit\u00e0 in caso di reati informatici ai danni di questo nostro sito.<\/li>\n<\/ul>\n<p><b>Interazione con social network e piattaforme esterne<br \/>\n<\/b>Questi servizi permettono di effettuare interazioni con i social network, o con altre piattaforme esterne, direttamente dalle pagine di questa Applicazione. Le interazioni e le informazioni acquisite sono in ogni caso soggette alle impostazioni privacy dell\u2019Utente relative ad ogni social network. Nel caso in cui sia presente un servizio di interazione con i social network, \u00e8 possibile che, anche nel caso gli Utenti non utilizzino il servizio, lo stesso raccolga dati di traffico relativi alle pagine in cui \u00e8 installato.<\/p>\n<ol>\n<li>Facebook \u2013 Luogo del trattamento: USA \u2013 informativa sulla privacy completa adottata dal servizio a questo link&nbsp;<a href=\"https:\/\/www.facebook.com\/privacy\/explanation\">https:\/\/www.facebook.com\/privacy\/explanation<\/a><\/li>\n<li>Virtual Tour (Google Maps) \u2013 Luogo del trattamento: USA \u2013 informativa sulla privacy completa adottata dal servizio a questo link&nbsp;<a title=\"Informativa\" href=\"https:\/\/policies.google.com\/privacy?hl=it\" target=\"_blank\" rel=\"nofollow noopener noreferrer\">https:\/\/policies.google.com\/privacy?hl=it<\/a><\/li>\n<li>Google Font: \u2013 Luogo del trattamento: USA \u2013 informativa sulla privacy completa adottata dal servizio a questo link&nbsp;<a title=\"Informativa\" href=\"https:\/\/policies.google.com\/privacy?hl=it\" target=\"_blank\" rel=\"nofollow noopener noreferrer\">https:\/\/policies.google.com\/privacy?hl=it<\/a><\/li>\n<li>Instagram: \u2013 Luogo del trattamento: USA \u2013 informativa sulla privacy completa adottata dal servizio a questo link&nbsp;https:\/\/help.instagram.com\/1896641480634370?ref=ig<\/li>\n<\/ol>\n<p><b>Soggetti ai quali i dati personali potranno essere comunicati<br \/>\n<\/b>Professionisti o altri soggetti che svolgono attivit\u00e0 connesse alla gestione dei servizi prestati come la manutenzione e l\u2019assistenza. A tali soggetti viene richiesto di utilizzare tali dati solo per quanto necessario per la collaborazione. Resta in ogni caso fermo il divieto di comunicare o diffondere i dati personali a soggetti non necessari per l\u2019espletamento dei servizi richiesti.<\/p>\n<p><b>Cookie<\/b><br \/>\nIn alcune aree del sito vengono utilizzati cookie al fine di agevolare la navigazione degli utenti. Per maggiori informazioni sulla gestione dei cookie adottata dal presente sito internet cliccare sul link posto in fondo a tutte le pagine del nostro sito.<\/p>\n<p><b>Collegamento ad altri siti web<br \/>\n<\/b>Nelle pagine internet di questo nostro sito internet gestite possono essere presenti vari collegamenti ad altri siti internet gestiti da altri soggetti. Il titolare del trattamento dei dati personali di questo nostro sito internet non \u00e8 responsabile delle pratiche sulla privacy adottate da tali soggetti, si consiglia quindi di prendere visione delle loro informative sulla privacy.<\/p>\n<p><b>Luogo e tempi di conservazione dei dati<br \/>\n<\/b><b><\/b>Appena i Suoi dati personali non saranno pi\u00f9 necessari per gli scopi per i quali sono stati raccolti, sar\u00e0 nostra cura eliminarli immediatamente, salvo che la legge non prescriva obblighi di archiviazione. I Dati sono trattati presso la sede operativa del Titolare. Per ulteriori informazioni, contatta il Titolare.<\/p>\n<p><b>Facoltativit\u00e0 del conferimento dei dati<br \/>\n<\/b>A parte quanto specificato per i dati di navigazione, l\u2019utente \u00e8 libero di fornire i dati personali riportati nei moduli di richiesta informazioni per sollecitare l\u2019invio di materiale informativo o di altre comunicazioni. Il loro mancato conferimento pu\u00f2 comportare l\u2019impossibilit\u00e0 di ottenere quanto richiesto.<\/p>\n<p><b>Come vengono gestiti i dati<br \/>\n<\/b>I dati personali sono trattati con strumenti automatizzati per il tempo strettamente necessario a conseguire gli scopi per i quali sono stati raccolti. Specifiche misure di sicurezza vengono osservate per prevenire la perdita dei dati, usi illeciti o non corretti ed accessi non autorizzati.<\/p>\n<p><b>Quali diritti vengono riconosciuti<br \/>\n<\/b>In riferimento al Regolamento UE 2016\/679, artt. da 15 a 21, i soggetti cui si riferiscono i dati personali hanno il diritto in qualunque momento di ottenere la conferma dell\u2019esistenza o meno dei medesimi e di conoscerne il contenuto e l\u2019origine. Hanno il diritto di verificarne l\u2019esattezza, di chiederne l\u2019integrazione, l\u2019aggiornamento o la rettifica. Hanno anche il diritto alla portabilit\u00e0 dei dati forniti. Ai sensi dei citati articoli hanno anche il diritto di chiedere la cancellazione, se possibile a norma di legge, la trasformazione in forma anonima o il blocco dei dati trattati in violazione di legge, nonch\u00e9 di opporsi in ogni caso, per motivi legittimi, al loro trattamento. Il Titolare informa che non esiste un processo decisionale automatizzato dei dati forniti, compresa la profilazione.<\/p>\n<p><strong>Come rivolgersi al titolare del trattamento<\/strong><\/p>\n<p>Il titolare del trattamento \u00e8 ElettroDom Service Sas di Grecu Constantin &amp; C &#8211; Via Bazzanese, 55\/3 &#8211; 40033 Casalecchio di Reno (BO) &#8211; P.Iva e Cod. Fisc.: 03909801205 &#8211; mail: <strong><span style=\"color: #000000;\"><a style=\"color: #000000;\" href=\"mailto:elettrodomservicesas@gmail.com\">elettrodomservicesas@gmail.com<\/a><\/span><\/strong>. Potete contattare la Societ\u00e0 anche per telefono al numero&nbsp;<span style=\"color: #000000;\"><strong><a style=\"color: #000000;\" href=\"tel:0595964501\">051-0216689<\/a><\/strong><\/span><b>.<\/b><\/p>\n<p><b>Per proporre un reclamo al Garante privacy<\/b><\/p>\n<p>Se vuole proporre un reclamo al Garante privacy a questo link trova i dati di contatto dell\u2019Autorit\u00e0:&nbsp;<a title=\"Informativa\" href=\"http:\/\/www.garanteprivacy.it\/web\/guest\/home\/footer\/contatti\" target=\"_blank\" rel=\"nofollow noopener noreferrer\">http:\/\/www.garanteprivacy.it\/web\/guest\/home\/footer\/contatti<\/a><\/p>\n<p><b>Come raggiungere questa pagina<br \/>\n<\/b>Questa pagina \u00e8 visibile, mediante link in calce in tutte le pagine di questo nostro sito.<br \/>\nQuesta informativa privacy riguarda esclusivamente questo sito.<\/p>\n<p>Ultimo aggiornamento di questa pagina: 18 Aprile 2022.<\/p>\n<\/div>\n<\/div>\n<\/section>\n<\/div>\n","protected":false},"excerpt":{"rendered":"<p>Informativa Privacy La presente Informativa sulla privacy ha lo scopo di descrivere le modalit\u00e0 di gestione di questo sito internet con riferimento al trattamento dei dati personali dei clienti\/utenti\/visitatori che vi accedono. Regolamento 2016\/679\/UE. Titolare del trattamento ElettroDom Service Sas di Grecu Constantin &amp; C &#8211; Via Bazzanese, 55\/3 &#8211; 40033 Casalecchio di Reno (BO) &#8230; <a title=\"Informativa Privacy\" class=\"read-more\" href=\"https:\/\/assistenza-elettrodom.it\/riparazioni-modena\/informativa-privacy\/\" aria-label=\"Per saperne di pi\u00f9 su Informativa Privacy\">Leggi tutto<\/a><\/p>\n","protected":false},"author":1,"featured_media":0,"parent":0,"menu_order":0,"comment_status":"closed","ping_status":"closed","template":"","meta":{"om_disable_all_campaigns":false,"_monsterinsights_skip_tracking":false,"_monsterinsights_sitenote_active":false,"_monsterinsights_sitenote_note":"","_monsterinsights_sitenote_category":0,"footnotes":""},"class_list":["post-10710","page","type-page","status-publish"],"aioseo_notices":[],"_links":{"self":[{"href":"https:\/\/assistenza-elettrodom.it\/riparazioni-modena\/wp-json\/wp\/v2\/pages\/10710","targetHints":{"allow":["GET"]}}],"collection":[{"href":"https:\/\/assistenza-elettrodom.it\/riparazioni-modena\/wp-json\/wp\/v2\/pages"}],"about":[{"href":"https:\/\/assistenza-elettrodom.it\/riparazioni-modena\/wp-json\/wp\/v2\/types\/page"}],"author":[{"embeddable":true,"href":"https:\/\/assistenza-elettrodom.it\/riparazioni-modena\/wp-json\/wp\/v2\/users\/1"}],"replies":[{"embeddable":true,"href":"https:\/\/assistenza-elettrodom.it\/riparazioni-modena\/wp-json\/wp\/v2\/comments?post=10710"}],"version-history":[{"count":1,"href":"https:\/\/assistenza-elettrodom.it\/riparazioni-modena\/wp-json\/wp\/v2\/pages\/10710\/revisions"}],"predecessor-version":[{"id":21158,"href":"https:\/\/assistenza-elettrodom.it\/riparazioni-modena\/wp-json\/wp\/v2\/pages\/10710\/revisions\/21158"}],"wp:attachment":[{"href":"https:\/\/assistenza-elettrodom.it\/riparazioni-modena\/wp-json\/wp\/v2\/media?parent=10710"}],"curies":[{"name":"wp","href":"https:\/\/api.w.org\/{rel}","templated":true}]}}